{"id":69,"date":"2023-08-06T14:59:35","date_gmt":"2023-08-06T14:59:35","guid":{"rendered":"https:\/\/horizontourscapes.com\/?page_id=69"},"modified":"2023-08-09T12:38:07","modified_gmt":"2023-08-09T12:38:07","slug":"about-us","status":"publish","type":"page","link":"https:\/\/horizontourscapes.com\/hr\/about-us\/","title":{"rendered":"O Nama"},"content":{"rendered":"<div data-elementor-type=\"wp-page\" data-elementor-id=\"69\" class=\"elementor elementor-69\" data-elementor-post-type=\"page\">\n\t\t\t\t\t\t\t<div class=\"elementor-element elementor-element-302790a1 e-flex e-con-boxed e-con\" data-id=\"302790a1\" data-element_type=\"container\" data-settings=\"{&quot;background_background&quot;:&quot;classic&quot;,&quot;content_width&quot;:&quot;boxed&quot;}\">\n\t\t\t\t\t<div class=\"e-con-inner\">\n\t\t<div class=\"elementor-element elementor-element-1a9b9f44 e-con-full e-flex e-con\" data-id=\"1a9b9f44\" data-element_type=\"container\" data-settings=\"{&quot;content_width&quot;:&quot;full&quot;,&quot;background_background&quot;:&quot;classic&quot;}\">\n\t\t\t\t<div class=\"elementor-element elementor-element-3e9bfec5 elementor-widget elementor-widget-image\" data-id=\"3e9bfec5\" data-element_type=\"widget\" data-widget_type=\"image.default\">\n\t\t\t\t<div class=\"elementor-widget-container\">\n\t\t\t<style>\/*! elementor - v3.15.0 - 02-08-2023 *\/\n.elementor-widget-image{text-align:center}.elementor-widget-image a{display:inline-block}.elementor-widget-image a img[src$=\".svg\"]{width:48px}.elementor-widget-image img{vertical-align:middle;display:inline-block}<\/style>\t\t\t\t\t\t\t\t\t\t\t\t<img decoding=\"async\" loading=\"lazy\" width=\"1279\" height=\"720\" src=\"https:\/\/horizontourscapes.com\/wp-content\/uploads\/2023\/08\/Horizon-Torscapes.webp\" class=\"attachment-full size-full wp-image-243\" alt=\"\" srcset=\"https:\/\/horizontourscapes.com\/wp-content\/uploads\/2023\/08\/Horizon-Torscapes.webp 1279w, https:\/\/horizontourscapes.com\/wp-content\/uploads\/2023\/08\/Horizon-Torscapes-300x169.webp 300w, https:\/\/horizontourscapes.com\/wp-content\/uploads\/2023\/08\/Horizon-Torscapes-1024x576.webp 1024w, https:\/\/horizontourscapes.com\/wp-content\/uploads\/2023\/08\/Horizon-Torscapes-768x432.webp 768w\" sizes=\"(max-width: 1279px) 100vw, 1279px\" \/>\t\t\t\t\t\t\t\t\t\t\t\t\t\t\t<\/div>\n\t\t\t\t<\/div>\n\t\t\t\t<\/div>\n\t\t<div class=\"elementor-element elementor-element-58ead51f e-con-full e-flex elementor-invisible e-con\" data-id=\"58ead51f\" data-element_type=\"container\" data-settings=\"{&quot;background_background&quot;:&quot;classic&quot;,&quot;content_width&quot;:&quot;full&quot;,&quot;animation&quot;:&quot;fadeIn&quot;,&quot;animation_mobile&quot;:&quot;fadeIn&quot;}\">\n\t\t\t\t<div class=\"elementor-element elementor-element-234417d5 elementor-widget elementor-widget-heading\" data-id=\"234417d5\" data-element_type=\"widget\" data-widget_type=\"heading.default\">\n\t\t\t\t<div class=\"elementor-widget-container\">\n\t\t\t<style>\/*! elementor - v3.15.0 - 02-08-2023 *\/\n.elementor-heading-title{padding:0;margin:0;line-height:1}.elementor-widget-heading .elementor-heading-title[class*=elementor-size-]>a{color:inherit;font-size:inherit;line-height:inherit}.elementor-widget-heading .elementor-heading-title.elementor-size-small{font-size:15px}.elementor-widget-heading .elementor-heading-title.elementor-size-medium{font-size:19px}.elementor-widget-heading .elementor-heading-title.elementor-size-large{font-size:29px}.elementor-widget-heading .elementor-heading-title.elementor-size-xl{font-size:39px}.elementor-widget-heading .elementor-heading-title.elementor-size-xxl{font-size:59px}<\/style><h1 class=\"elementor-heading-title elementor-size-default\">O Horizon Tourscapes<\/h1>\t\t<\/div>\n\t\t\t\t<\/div>\n\t\t\t\t<div class=\"elementor-element elementor-element-31bff4cb elementor-widget elementor-widget-text-editor\" data-id=\"31bff4cb\" data-element_type=\"widget\" data-widget_type=\"text-editor.default\">\n\t\t\t\t<div class=\"elementor-widget-container\">\n\t\t\t<style>\/*! elementor - v3.15.0 - 02-08-2023 *\/\n.elementor-widget-text-editor.elementor-drop-cap-view-stacked .elementor-drop-cap{background-color:#69727d;color:#fff}.elementor-widget-text-editor.elementor-drop-cap-view-framed .elementor-drop-cap{color:#69727d;border:3px solid;background-color:transparent}.elementor-widget-text-editor:not(.elementor-drop-cap-view-default) .elementor-drop-cap{margin-top:8px}.elementor-widget-text-editor:not(.elementor-drop-cap-view-default) .elementor-drop-cap-letter{width:1em;height:1em}.elementor-widget-text-editor .elementor-drop-cap{float:left;text-align:center;line-height:1;font-size:50px}.elementor-widget-text-editor .elementor-drop-cap-letter{display:inline-block}<\/style>\t\t\t\t<p>Organiziramo nevjerojatna putovanja koja \u0107ete zavoljeti.<\/p>\t\t\t\t\t\t<\/div>\n\t\t\t\t<\/div>\n\t\t\t\t<div class=\"elementor-element elementor-element-136d4a7 elementor-widget elementor-widget-text-editor\" data-id=\"136d4a7\" data-element_type=\"widget\" data-widget_type=\"text-editor.default\">\n\t\t\t\t<div class=\"elementor-widget-container\">\n\t\t\t\t\t\t\t<p><span style=\"font-weight: 400;\">Horizon Tourscapes osnovan je s misijom da grupna autobuska putovanja diljem Europe u\u010dini dostupnima i pristupa\u010dnima.<\/span><\/p>\t\t\t\t\t\t<\/div>\n\t\t\t\t<\/div>\n\t\t\t\t<div class=\"elementor-element elementor-element-ec37776 elementor-widget elementor-widget-text-editor\" data-id=\"ec37776\" data-element_type=\"widget\" data-widget_type=\"text-editor.default\">\n\t\t\t\t<div class=\"elementor-widget-container\">\n\t\t\t\t\t\t\t<p><span style=\"font-weight: 400;\">Na\u0161 tim \u010dine iskusni voza\u010di, licencirani turisti\u010dki vodi\u010di, koordinatori logistike i predstavnici korisni\u010dke slu\u017ebe. Iako se tvrtka pro\u0161irila tijekom godina, na\u0161a predanost pru\u017eanju sigurnih, ugodnih i razumno cijenjenih tura ostala je nepromijenjena.<\/span><\/p>\t\t\t\t\t\t<\/div>\n\t\t\t\t<\/div>\n\t\t\t\t<div class=\"elementor-element elementor-element-391dc32 elementor-widget elementor-widget-text-editor\" data-id=\"391dc32\" data-element_type=\"widget\" data-widget_type=\"text-editor.default\">\n\t\t\t\t<div class=\"elementor-widget-container\">\n\t\t\t\t\t\t\t<p><span style=\"font-weight: 400;\">Sada nudimo razli\u010dite zakazane autobusne ture koje obuhva\u0107aju odredi\u0161ta diljem Europske unije. Na\u0161a lista ponuda turisti\u010dkih aran\u017emana u stalnom je \u0161irenju, a obuhva\u0107a popularne gradove i skrivene dragulje. Uz to, putem na\u0161ih usluga privatnog najma autobusa mo\u017eemo prilagoditi gotovo svim specifikacijama.<\/span><\/p>\t\t\t\t\t\t<\/div>\n\t\t\t\t<\/div>\n\t\t\t\t<div class=\"elementor-element elementor-element-61774d3 elementor-widget elementor-widget-text-editor\" data-id=\"61774d3\" data-element_type=\"widget\" data-widget_type=\"text-editor.default\">\n\t\t\t\t<div class=\"elementor-widget-container\">\n\t\t\t\t\t\t\t<p><span style=\"font-weight: 400;\">Sjedi\u0161te Horizon Tourscapesa nalazi se u Zagrebu, Hrvatska. Pa\u017eljivo biramo svoje voza\u010de na temelju njihovih sigurnosnih evidencija, pouzdanosti i poznavanja lokalnih prilika. Na\u0161i vodi\u010di educirani su ne samo da iznose \u010dinjenice, ve\u0107 i da nude uvide i zanimljive pri\u010de o svakom mjestu koje posje\u0107ujemo.<\/span><\/p>\t\t\t\t\t\t<\/div>\n\t\t\t\t<\/div>\n\t\t\t\t<div class=\"elementor-element elementor-element-5f30c0a elementor-widget elementor-widget-text-editor\" data-id=\"5f30c0a\" data-element_type=\"widget\" data-widget_type=\"text-editor.default\">\n\t\t\t\t<div class=\"elementor-widget-container\">\n\t\t\t\t\t\t\t<p><span style=\"font-weight: 400;\">Pozivamo vas da istra\u017eite Europu s nama! Saznajte vi\u0161e o na\u0161em timu, uslugama i sigurnosnim smjernicama ili nas kontaktirajte danas kako biste po\u010deli planirati svoju autobusnu turisti\u010dku avanturu.<\/span><\/p>\t\t\t\t\t\t<\/div>\n\t\t\t\t<\/div>\n\t\t\t\t<\/div>\n\t\t\t\t\t<\/div>\n\t\t\t\t<\/div>\n\t\t<div class=\"elementor-element elementor-element-7c90b138 e-flex e-con-boxed e-con\" data-id=\"7c90b138\" data-element_type=\"container\" data-settings=\"{&quot;background_background&quot;:&quot;classic&quot;,&quot;content_width&quot;:&quot;boxed&quot;}\">\n\t\t\t\t\t<div class=\"e-con-inner\">\n\t\t\t\t<div class=\"elementor-element elementor-element-6c0ba545 elementor-widget elementor-widget-heading\" data-id=\"6c0ba545\" data-element_type=\"widget\" data-widget_type=\"heading.default\">\n\t\t\t\t<div class=\"elementor-widget-container\">\n\t\t\t<h2 class=\"elementor-heading-title elementor-size-default\">Na\u0161 tim<\/h2>\t\t<\/div>\n\t\t\t\t<\/div>\n\t\t<div class=\"elementor-element elementor-element-90814be e-con-full e-flex e-con\" data-id=\"90814be\" data-element_type=\"container\" data-settings=\"{&quot;content_width&quot;:&quot;full&quot;}\">\n\t\t\t\t<div class=\"elementor-element elementor-element-45e2873b elementor-widget-tablet__width-initial elementor-widget-mobile__width-inherit elementor-widget__width-initial elementor-position-top elementor-widget elementor-widget-image-box\" data-id=\"45e2873b\" data-element_type=\"widget\" data-widget_type=\"image-box.default\">\n\t\t\t\t<div class=\"elementor-widget-container\">\n\t\t\t<style>\/*! elementor - v3.15.0 - 02-08-2023 *\/\n.elementor-widget-image-box .elementor-image-box-content{width:100%}@media (min-width:768px){.elementor-widget-image-box.elementor-position-left .elementor-image-box-wrapper,.elementor-widget-image-box.elementor-position-right .elementor-image-box-wrapper{display:flex}.elementor-widget-image-box.elementor-position-right .elementor-image-box-wrapper{text-align:right;flex-direction:row-reverse}.elementor-widget-image-box.elementor-position-left .elementor-image-box-wrapper{text-align:left;flex-direction:row}.elementor-widget-image-box.elementor-position-top .elementor-image-box-img{margin:auto}.elementor-widget-image-box.elementor-vertical-align-top .elementor-image-box-wrapper{align-items:flex-start}.elementor-widget-image-box.elementor-vertical-align-middle .elementor-image-box-wrapper{align-items:center}.elementor-widget-image-box.elementor-vertical-align-bottom .elementor-image-box-wrapper{align-items:flex-end}}@media (max-width:767px){.elementor-widget-image-box .elementor-image-box-img{margin-left:auto!important;margin-right:auto!important;margin-bottom:15px}}.elementor-widget-image-box .elementor-image-box-img{display:inline-block}.elementor-widget-image-box .elementor-image-box-title a{color:inherit}.elementor-widget-image-box .elementor-image-box-wrapper{text-align:center}.elementor-widget-image-box .elementor-image-box-description{margin:0}<\/style><div class=\"elementor-image-box-wrapper\"><figure class=\"elementor-image-box-img\"><img decoding=\"async\" loading=\"lazy\" width=\"200\" height=\"200\" src=\"https:\/\/horizontourscapes.com\/wp-content\/uploads\/2023\/08\/customer-feedback-1.svg\" class=\"attachment-full size-full wp-image-230\" alt=\"\" \/><\/figure><div class=\"elementor-image-box-content\"><h4 class=\"elementor-image-box-title\">Vidomir Dujmovic<\/h4><p class=\"elementor-image-box-description\">Co-Founder<\/p><\/div><\/div>\t\t<\/div>\n\t\t\t\t<\/div>\n\t\t\t\t<div class=\"elementor-element elementor-element-301c7745 elementor-widget-tablet__width-initial elementor-widget-mobile__width-inherit elementor-widget__width-initial elementor-position-top elementor-widget elementor-widget-image-box\" data-id=\"301c7745\" data-element_type=\"widget\" data-widget_type=\"image-box.default\">\n\t\t\t\t<div class=\"elementor-widget-container\">\n\t\t\t<div class=\"elementor-image-box-wrapper\"><figure class=\"elementor-image-box-img\"><img decoding=\"async\" loading=\"lazy\" width=\"200\" height=\"200\" src=\"https:\/\/horizontourscapes.com\/wp-content\/uploads\/2023\/08\/customer-feedback-1.svg\" class=\"attachment-full size-full wp-image-230\" alt=\"\" \/><\/figure><div class=\"elementor-image-box-content\"><h4 class=\"elementor-image-box-title\">Franjo Medic<\/h4><p class=\"elementor-image-box-description\">Co-Founder<\/p><\/div><\/div>\t\t<\/div>\n\t\t\t\t<\/div>\n\t\t\t\t<\/div>\n\t\t\t\t\t<\/div>\n\t\t\t\t<\/div>\n\t\t\t\t\t\t\t<\/div>","protected":false},"excerpt":{"rendered":"<p>About Horizon Tourscapes We make amazing trips in that you will love. Horizon Tourscapes was founded with the mission of making group bus travel across Europe accessible and affordable. Our staff includes experienced drivers, licensed tour guides, logistics coordinators and customer service representatives. While the company has expanded over the years, our commitment to providing [&hellip;]<\/p>","protected":false},"author":1,"featured_media":0,"parent":0,"menu_order":0,"comment_status":"closed","ping_status":"closed","template":"","meta":{"inline_featured_image":false,"footnotes":""},"_links":{"self":[{"href":"https:\/\/horizontourscapes.com\/hr\/wp-json\/wp\/v2\/pages\/69"}],"collection":[{"href":"https:\/\/horizontourscapes.com\/hr\/wp-json\/wp\/v2\/pages"}],"about":[{"href":"https:\/\/horizontourscapes.com\/hr\/wp-json\/wp\/v2\/types\/page"}],"author":[{"embeddable":true,"href":"https:\/\/horizontourscapes.com\/hr\/wp-json\/wp\/v2\/users\/1"}],"replies":[{"embeddable":true,"href":"https:\/\/horizontourscapes.com\/hr\/wp-json\/wp\/v2\/comments?post=69"}],"version-history":[{"count":28,"href":"https:\/\/horizontourscapes.com\/hr\/wp-json\/wp\/v2\/pages\/69\/revisions"}],"predecessor-version":[{"id":358,"href":"https:\/\/horizontourscapes.com\/hr\/wp-json\/wp\/v2\/pages\/69\/revisions\/358"}],"wp:attachment":[{"href":"https:\/\/horizontourscapes.com\/hr\/wp-json\/wp\/v2\/media?parent=69"}],"curies":[{"name":"wp","href":"https:\/\/api.w.org\/{rel}","templated":true}]}}